{"id":2816,"date":"2019-05-20T14:30:00","date_gmt":"2019-05-20T13:30:00","guid":{"rendered":"http:\/\/www.supportsealeco.com\/?page_id=2816"},"modified":"2020-06-18T07:39:59","modified_gmt":"2020-06-18T06:39:59","slug":"hilfe","status":"publish","type":"page","link":"https:\/\/www.supportsealeco.com\/de\/hilfe\/","title":{"rendered":"Hilfe"},"content":{"rendered":"\t\t<div data-elementor-type=\"wp-post\" data-elementor-id=\"2816\" class=\"elementor elementor-2816\">\n\t\t\t\t\t\t<section class=\"elementor-section elementor-top-section elementor-element elementor-element-71f0fd6d elementor-section-boxed elementor-section-height-default elementor-section-height-default\" data-id=\"71f0fd6d\" data-element_type=\"section\">\n\t\t\t\t\t\t<div class=\"elementor-container elementor-column-gap-default\">\n\t\t\t\t\t<div class=\"elementor-column elementor-col-100 elementor-top-column elementor-element elementor-element-74f9a22\" data-id=\"74f9a22\" data-element_type=\"column\">\n\t\t\t<div class=\"elementor-widget-wrap elementor-element-populated\">\n\t\t\t\t\t\t<div class=\"elementor-element elementor-element-5516ef5e elementor-widget elementor-widget-heading\" data-id=\"5516ef5e\" data-element_type=\"widget\" data-widget_type=\"heading.default\">\n\t\t\t\t<div class=\"elementor-widget-container\">\n\t\t\t<style>\/*! elementor - v3.23.0 - 05-08-2024 *\/\n.elementor-heading-title{padding:0;margin:0;line-height:1}.elementor-widget-heading .elementor-heading-title[class*=elementor-size-]>a{color:inherit;font-size:inherit;line-height:inherit}.elementor-widget-heading .elementor-heading-title.elementor-size-small{font-size:15px}.elementor-widget-heading .elementor-heading-title.elementor-size-medium{font-size:19px}.elementor-widget-heading .elementor-heading-title.elementor-size-large{font-size:29px}.elementor-widget-heading .elementor-heading-title.elementor-size-xl{font-size:39px}.elementor-widget-heading .elementor-heading-title.elementor-size-xxl{font-size:59px}<\/style><h2 class=\"elementor-heading-title elementor-size-default\">Hilfe<\/h2>\t\t<\/div>\n\t\t\t\t<\/div>\n\t\t\t\t<div class=\"elementor-element elementor-element-12f9b385 elementor-widget elementor-widget-text-editor\" data-id=\"12f9b385\" data-element_type=\"widget\" data-widget_type=\"text-editor.default\">\n\t\t\t\t<div class=\"elementor-widget-container\">\n\t\t\t<style>\/*! elementor - v3.23.0 - 05-08-2024 *\/\n.elementor-widget-text-editor.elementor-drop-cap-view-stacked .elementor-drop-cap{background-color:#69727d;color:#fff}.elementor-widget-text-editor.elementor-drop-cap-view-framed .elementor-drop-cap{color:#69727d;border:3px solid;background-color:transparent}.elementor-widget-text-editor:not(.elementor-drop-cap-view-default) .elementor-drop-cap{margin-top:8px}.elementor-widget-text-editor:not(.elementor-drop-cap-view-default) .elementor-drop-cap-letter{width:1em;height:1em}.elementor-widget-text-editor .elementor-drop-cap{float:left;text-align:center;line-height:1;font-size:50px}.elementor-widget-text-editor .elementor-drop-cap-letter{display:inline-block}<\/style>\t\t\t\t<p>Diese Website verwendet eine der fortschrittlichsten App-Techniken namens PWA. Sie k\u00f6nnen es auf Ihrem Smartphone, Tablet oder sogar Desktop verwenden. Leider sind nicht alle Browser auf diese neue Technik vorbereitet. Einige von ihnen haben es nur teilweise umgesetzt. Im Folgenden finden Sie einige Anweisungen, wie Sie die Verwendung unserer Dokumentations-App optimieren k\u00f6nnen. Wenn Sie auf iOS klicken, werden Sie zu einem YouTube-Lehrvideo weitergeleitet.<\/p><p><span style=\"font-size: 15px;\">Diese Seite funktioniert am besten auf einem Android-System in Kombination mit Google Chrome. Es funktioniert auch mit Samsung Internet. Unter iOS k\u00f6nnen Sie es ab iOS Version 11.3 verwenden. Wir gehen davon aus, dass es in den n\u00e4chsten Browser-Updates funktionsf\u00e4higer wird. Leider k\u00f6nnen wir keine IT-Probleme dabei unterst\u00fctzen. Wir helfen Ihnen jedoch gerne mit unseren SealEco-Produkten.<\/span><\/p>\t\t\t\t\t\t<\/div>\n\t\t\t\t<\/div>\n\t\t\t\t\t<\/div>\n\t\t<\/div>\n\t\t\t\t\t<\/div>\n\t\t<\/section>\n\t\t\t\t<\/div>\n\t\t","protected":false},"excerpt":{"rendered":"<p>Hilfe Diese Website verwendet eine der fortschrittlichsten App-Techniken namens PWA. Sie k\u00f6nnen es auf Ihrem Smartphone, Tablet oder sogar Desktop verwenden. Leider sind nicht alle Browser auf diese neue Technik vorbereitet. Einige von ihnen haben es nur teilweise umgesetzt. Im Folgenden finden Sie einige Anweisungen, wie Sie die Verwendung unserer Dokumentations-App optimieren k\u00f6nnen. Wenn Sie [&hellip;]<\/p>\n","protected":false},"author":2,"featured_media":0,"parent":0,"menu_order":16,"comment_status":"closed","ping_status":"closed","template":"","meta":{"site-sidebar-layout":"no-sidebar","site-content-layout":"page-builder","ast-site-content-layout":"default","site-content-style":"default","site-sidebar-style":"default","ast-global-header-display":"","ast-banner-title-visibility":"","ast-main-header-display":"","ast-hfb-above-header-display":"","ast-hfb-below-header-display":"","ast-hfb-mobile-header-display":"","site-post-title":"disabled","ast-breadcrumbs-content":"","ast-featured-img":"disabled","footer-sml-layout":"","ast-disable-related-posts":"","theme-transparent-header-meta":"","adv-header-id-meta":"","stick-header-meta":"","header-above-stick-meta":"","header-main-stick-meta":"","header-below-stick-meta":"","astra-migrate-meta-layouts":"default","ast-page-background-enabled":"default","ast-page-background-meta":{"desktop":{"background-color":"","background-image":"","background-repeat":"repeat","background-position":"center center","background-size":"auto","background-attachment":"scroll","background-type":"","background-media":"","overlay-type":"","overlay-color":"","overlay-opacity":"","overlay-gradient":""},"tablet":{"background-color":"","background-image":"","background-repeat":"repeat","background-position":"center center","background-size":"auto","background-attachment":"scroll","background-type":"","background-media":"","overlay-type":"","overlay-color":"","overlay-opacity":"","overlay-gradient":""},"mobile":{"background-color":"","background-image":"","background-repeat":"repeat","background-position":"center center","background-size":"auto","background-attachment":"scroll","background-type":"","background-media":"","overlay-type":"","overlay-color":"","overlay-opacity":"","overlay-gradient":""}},"ast-content-background-meta":{"desktop":{"background-color":"var(--ast-global-color-5)","background-image":"","background-repeat":"repeat","background-position":"center center","background-size":"auto","background-attachment":"scroll","background-type":"","background-media":"","overlay-type":"","overlay-color":"","overlay-opacity":"","overlay-gradient":""},"tablet":{"background-color":"var(--ast-global-color-5)","background-image":"","background-repeat":"repeat","background-position":"center center","background-size":"auto","background-attachment":"scroll","background-type":"","background-media":"","overlay-type":"","overlay-color":"","overlay-opacity":"","overlay-gradient":""},"mobile":{"background-color":"var(--ast-global-color-5)","background-image":"","background-repeat":"repeat","background-position":"center center","background-size":"auto","background-attachment":"scroll","background-type":"","background-media":"","overlay-type":"","overlay-color":"","overlay-opacity":"","overlay-gradient":""}}},"yoast_head":"<!-- This site is optimized with the Yoast SEO plugin v14.4 - https:\/\/yoast.com\/wordpress\/plugins\/seo\/ -->\n<title>Hilfe - Support SealEco<\/title>\n<meta name=\"robots\" content=\"index, follow\" \/>\n<meta name=\"googlebot\" content=\"index, follow, max-snippet:-1, max-image-preview:large, max-video-preview:-1\" \/>\n<meta name=\"bingbot\" content=\"index, follow, max-snippet:-1, max-image-preview:large, max-video-preview:-1\" \/>\n<link rel=\"canonical\" href=\"https:\/\/www.supportsealeco.com\/de\/hilfe\/\" \/>\n<meta property=\"og:locale\" content=\"de_DE\" \/>\n<meta property=\"og:type\" content=\"article\" \/>\n<meta property=\"og:title\" content=\"Hilfe - Support SealEco\" \/>\n<meta property=\"og:description\" content=\"Hilfe Diese Website verwendet eine der fortschrittlichsten App-Techniken namens PWA. Sie k\u00f6nnen es auf Ihrem Smartphone, Tablet oder sogar Desktop verwenden. Leider sind nicht alle Browser auf diese neue Technik vorbereitet. Einige von ihnen haben es nur teilweise umgesetzt. Im Folgenden finden Sie einige Anweisungen, wie Sie die Verwendung unserer Dokumentations-App optimieren k\u00f6nnen. Wenn Sie [&hellip;]\" \/>\n<meta property=\"og:url\" content=\"https:\/\/www.supportsealeco.com\/de\/hilfe\/\" \/>\n<meta property=\"og:site_name\" content=\"Support SealEco\" \/>\n<meta property=\"article:publisher\" content=\"https:\/\/www.facebook.com\/SealEco-HQ-371356596806872\" \/>\n<meta property=\"article:modified_time\" content=\"2020-06-18T06:39:59+00:00\" \/>\n<meta name=\"twitter:card\" content=\"summary_large_image\" \/>\n<script type=\"application\/ld+json\" class=\"yoast-schema-graph\">{\"@context\":\"https:\/\/schema.org\",\"@graph\":[{\"@type\":\"Organization\",\"@id\":\"https:\/\/www.supportsealeco.com\/de\/#organization\",\"name\":\"SealEco\",\"url\":\"https:\/\/www.supportsealeco.com\/de\/\",\"sameAs\":[\"https:\/\/www.facebook.com\/SealEco-HQ-371356596806872\",\"https:\/\/www.youtube.com\/user\/sealeco\"],\"logo\":{\"@type\":\"ImageObject\",\"@id\":\"https:\/\/www.supportsealeco.com\/de\/#logo\",\"inLanguage\":\"de-DE\",\"url\":\"https:\/\/www.supportsealeco.com\/wp-content\/uploads\/2022\/07\/SealEco.jpg\",\"width\":2008,\"height\":1063,\"caption\":\"SealEco\"},\"image\":{\"@id\":\"https:\/\/www.supportsealeco.com\/de\/#logo\"}},{\"@type\":\"WebSite\",\"@id\":\"https:\/\/www.supportsealeco.com\/de\/#website\",\"url\":\"https:\/\/www.supportsealeco.com\/de\/\",\"name\":\"Support SealEco\",\"description\":\"Documentation of Sealeco&#039;s brands\",\"publisher\":{\"@id\":\"https:\/\/www.supportsealeco.com\/de\/#organization\"},\"potentialAction\":[{\"@type\":\"SearchAction\",\"target\":\"https:\/\/www.supportsealeco.com\/de\/?s={search_term_string}\",\"query-input\":\"required name=search_term_string\"}],\"inLanguage\":\"de-DE\"},{\"@type\":\"WebPage\",\"@id\":\"https:\/\/www.supportsealeco.com\/de\/hilfe\/#webpage\",\"url\":\"https:\/\/www.supportsealeco.com\/de\/hilfe\/\",\"name\":\"Hilfe - Support SealEco\",\"isPartOf\":{\"@id\":\"https:\/\/www.supportsealeco.com\/de\/#website\"},\"datePublished\":\"2019-05-20T13:30:00+00:00\",\"dateModified\":\"2020-06-18T06:39:59+00:00\",\"inLanguage\":\"de-DE\",\"potentialAction\":[{\"@type\":\"ReadAction\",\"target\":[\"https:\/\/www.supportsealeco.com\/de\/hilfe\/\"]}]}]}<\/script>\n<!-- \/ Yoast SEO plugin. -->","_links":{"self":[{"href":"https:\/\/www.supportsealeco.com\/de\/wp-json\/wp\/v2\/pages\/2816"}],"collection":[{"href":"https:\/\/www.supportsealeco.com\/de\/wp-json\/wp\/v2\/pages"}],"about":[{"href":"https:\/\/www.supportsealeco.com\/de\/wp-json\/wp\/v2\/types\/page"}],"author":[{"embeddable":true,"href":"https:\/\/www.supportsealeco.com\/de\/wp-json\/wp\/v2\/users\/2"}],"replies":[{"embeddable":true,"href":"https:\/\/www.supportsealeco.com\/de\/wp-json\/wp\/v2\/comments?post=2816"}],"version-history":[{"count":2,"href":"https:\/\/www.supportsealeco.com\/de\/wp-json\/wp\/v2\/pages\/2816\/revisions"}],"predecessor-version":[{"id":8643,"href":"https:\/\/www.supportsealeco.com\/de\/wp-json\/wp\/v2\/pages\/2816\/revisions\/8643"}],"wp:attachment":[{"href":"https:\/\/www.supportsealeco.com\/de\/wp-json\/wp\/v2\/media?parent=2816"}],"curies":[{"name":"wp","href":"https:\/\/api.w.org\/{rel}","templated":true}]}}